{"id":376,"date":"2026-04-15T17:37:35","date_gmt":"2026-04-15T17:37:35","guid":{"rendered":"https:\/\/web22.remardev.com\/?page_id=376"},"modified":"2026-04-30T09:11:50","modified_gmt":"2026-04-30T09:11:50","slug":"kontakt","status":"publish","type":"page","link":"https:\/\/academyofbeauty.cz\/?page_id=376","title":{"rendered":"Kontakt"},"content":{"rendered":"\t\t<div data-elementor-type=\"wp-page\" data-elementor-id=\"376\" class=\"elementor elementor-376\" data-elementor-post-type=\"page\">\n\t\t\t\t<div class=\"elementor-element elementor-element-de97f85 e-flex e-con-boxed e-con e-parent\" data-id=\"de97f85\" data-element_type=\"container\" data-e-type=\"container\" data-settings=\"{&quot;background_background&quot;:&quot;classic&quot;}\">\n\t\t\t\t\t<div class=\"e-con-inner\">\n\t\t\t\t<div class=\"elementor-element elementor-element-1ce32a1 elementor-widget elementor-widget-heading\" data-id=\"1ce32a1\" data-element_type=\"widget\" data-e-type=\"widget\" data-widget_type=\"heading.default\">\n\t\t\t\t\t<h2 class=\"elementor-heading-title elementor-size-default\">Kontaktn\u00ed <span style=\"color: #92887d\">\u00fadaje <\/span> <\/h2>\t\t\t\t<\/div>\n\t\t\t\t\t<\/div>\n\t\t\t\t<\/div>\n\t\t<div class=\"elementor-element elementor-element-d795b93 e-flex e-con-boxed e-con e-parent\" data-id=\"d795b93\" data-element_type=\"container\" data-e-type=\"container\">\n\t\t\t\t\t<div class=\"e-con-inner\">\n\t\t<div class=\"elementor-element elementor-element-4996ac3 e-con-full e-flex e-con e-child\" data-id=\"4996ac3\" data-element_type=\"container\" data-e-type=\"container\" data-settings=\"{&quot;background_background&quot;:&quot;classic&quot;}\">\n\t\t\t\t<div class=\"elementor-element elementor-element-c57dd5a elementor-widget elementor-widget-heading\" data-id=\"c57dd5a\" data-element_type=\"widget\" data-e-type=\"widget\" data-widget_type=\"heading.default\">\n\t\t\t\t\t<h2 class=\"elementor-heading-title elementor-size-default\">Kurzy kosmetiky, kurzy tetov\u00e1n\u00ed<\/h2>\t\t\t\t<\/div>\n\t\t\t\t<div class=\"elementor-element elementor-element-cfbb6b5 elementor-widget elementor-widget-text-editor\" data-id=\"cfbb6b5\" data-element_type=\"widget\" data-e-type=\"widget\" data-widget_type=\"text-editor.default\">\n\t\t\t\t\t\t\t\t\t<a href=\"tel:+420774652333\" style=\"color:#92887d;\"><b>+420 774 652 333 (Po-p\u00e1 08-12 h)<\/b><\/a><br>\nEmail: <a href=\"mailto:info@academyofbeauty.cz\" style=\"color:#92887d;\">info@academyofbeauty.cz<\/a>\t\t\t\t\t\t\t\t<\/div>\n\t\t\t\t<div class=\"elementor-element elementor-element-2034bc1 elementor-widget-divider--view-line elementor-widget elementor-widget-divider\" data-id=\"2034bc1\" data-element_type=\"widget\" data-e-type=\"widget\" data-widget_type=\"divider.default\">\n\t\t\t\t\t\t\t<div class=\"elementor-divider\">\n\t\t\t<span class=\"elementor-divider-separator\">\n\t\t\t\t\t\t<\/span>\n\t\t<\/div>\n\t\t\t\t\t\t<\/div>\n\t\t\t\t<div class=\"elementor-element elementor-element-9c7cb70 elementor-widget elementor-widget-heading\" data-id=\"9c7cb70\" data-element_type=\"widget\" data-e-type=\"widget\" data-widget_type=\"heading.default\">\n\t\t\t\t\t<h2 class=\"elementor-heading-title elementor-size-default\">Permanentn\u00ed make-up, kosmetika<\/h2>\t\t\t\t<\/div>\n\t\t\t\t<div class=\"elementor-element elementor-element-1b42a48 elementor-widget elementor-widget-text-editor\" data-id=\"1b42a48\" data-element_type=\"widget\" data-e-type=\"widget\" data-widget_type=\"text-editor.default\">\n\t\t\t\t\t\t\t\t\t<a href=\"tel:+420607757074\" style=\"color:#92887d;\"><b>+420 607 757 074<\/b><\/a> (Po-p\u00e1 08-12 h)<br>\nEmail: <a href=\"mailto:kucerova.hana11@seznam.cz\" style=\"color:#92887d;\">kucerova.hana11@seznam.cz<\/a>\t\t\t\t\t\t\t\t<\/div>\n\t\t\t\t<div class=\"elementor-element elementor-element-1dc1a64 elementor-widget elementor-widget-text-editor\" data-id=\"1dc1a64\" data-element_type=\"widget\" data-e-type=\"widget\" data-widget_type=\"text-editor.default\">\n\t\t\t\t\t\t\t\t\t<p>I\u010c: 60556129<\/p>\t\t\t\t\t\t\t\t<\/div>\n\t\t\t\t<\/div>\n\t\t<div class=\"elementor-element elementor-element-ae8640c e-con-full e-flex e-con e-child\" data-id=\"ae8640c\" data-element_type=\"container\" data-e-type=\"container\">\n\t\t\t\t<div class=\"elementor-element elementor-element-486769f elementor-widget elementor-widget-heading\" data-id=\"486769f\" data-element_type=\"widget\" data-e-type=\"widget\" data-widget_type=\"heading.default\">\n\t\t\t\t\t<h2 class=\"elementor-heading-title elementor-size-default\">Kde n\u00e1s najdete:<\/h2>\t\t\t\t<\/div>\n\t\t\t\t<div class=\"elementor-element elementor-element-009be43 elementor-widget elementor-widget-text-editor\" data-id=\"009be43\" data-element_type=\"widget\" data-e-type=\"widget\" data-widget_type=\"text-editor.default\">\n\t\t\t\t\t\t\t\t\t<p><b>Academy of Beauty \u2013 akademie kr\u00e1sy<br \/><\/b>Po\u0161tovsk\u00e1 6, 602 00 Brno-st\u0159ed,<br \/>Alfa pas\u00e1\u017e \u2013 mezipatro,\u00a0sektor Esekto<\/p>\t\t\t\t\t\t\t\t<\/div>\n\t\t\t\t<div class=\"elementor-element elementor-element-af9c891 elementor-widget elementor-widget-text-editor\" data-id=\"af9c891\" data-element_type=\"widget\" data-e-type=\"widget\" data-widget_type=\"text-editor.default\">\n\t\t\t\t\t\t\t\t\t<p><em>*5 minut z hlavn\u00edho n\u00e1dra\u017e\u00ed<\/em><br \/><em>**Parkov\u00e1n\u00ed Galerie Va\u0148kovka, parkovac\u00ed d\u016fm u Jan\u00e1\u010dkova divadla<\/em><\/p>\t\t\t\t\t\t\t\t<\/div>\n\t\t\t\t<div class=\"elementor-element elementor-element-f23942e elementor-widget-divider--view-line elementor-widget elementor-widget-divider\" data-id=\"f23942e\" data-element_type=\"widget\" data-e-type=\"widget\" data-widget_type=\"divider.default\">\n\t\t\t\t\t\t\t<div class=\"elementor-divider\">\n\t\t\t<span class=\"elementor-divider-separator\">\n\t\t\t\t\t\t<\/span>\n\t\t<\/div>\n\t\t\t\t\t\t<\/div>\n\t\t\t\t<div class=\"elementor-element elementor-element-f3fc228 elementor-widget elementor-widget-heading\" data-id=\"f3fc228\" data-element_type=\"widget\" data-e-type=\"widget\" data-widget_type=\"heading.default\">\n\t\t\t\t\t<h2 class=\"elementor-heading-title elementor-size-default\">Otev\u00edrac\u00ed doba<\/h2>\t\t\t\t<\/div>\n\t\t\t\t<div class=\"elementor-element elementor-element-8b72acd elementor-widget elementor-widget-text-editor\" data-id=\"8b72acd\" data-element_type=\"widget\" data-e-type=\"widget\" data-widget_type=\"text-editor.default\">\n\t\t\t\t\t\t\t\t\t<p>Pond\u011bl\u00ed \u2013 p\u00e1tek 10:00 \u2013 18:00<br \/>Sobota \u2013 ned\u011ble dle individu\u00e1ln\u00ed domluvy<\/p>\t\t\t\t\t\t\t\t<\/div>\n\t\t\t\t<\/div>\n\t\t\t\t\t<\/div>\n\t\t\t\t<\/div>\n\t\t<div class=\"elementor-element elementor-element-1706c3d7 e-flex e-con-boxed e-con e-parent\" data-id=\"1706c3d7\" data-element_type=\"container\" data-e-type=\"container\">\n\t\t\t\t\t<div class=\"e-con-inner\">\n\t\t<div class=\"elementor-element elementor-element-6a96b4c0 e-con-full e-flex e-con e-child\" data-id=\"6a96b4c0\" data-element_type=\"container\" data-e-type=\"container\">\n\t\t<div class=\"elementor-element elementor-element-1f1b09d2 e-con-full e-flex e-con e-child\" data-id=\"1f1b09d2\" data-element_type=\"container\" data-e-type=\"container\" data-settings=\"{&quot;background_background&quot;:&quot;classic&quot;}\">\n\t\t\t\t<div class=\"elementor-element elementor-element-21a0a4ca elementor-widget elementor-widget-heading\" data-id=\"21a0a4ca\" data-element_type=\"widget\" data-e-type=\"widget\" data-widget_type=\"heading.default\">\n\t\t\t\t\t<h2 class=\"elementor-heading-title elementor-size-default\">Platba kurz\u016f<\/h2>\t\t\t\t<\/div>\n\t\t\t\t<div class=\"elementor-element elementor-element-1036721e elementor-widget elementor-widget-text-editor\" data-id=\"1036721e\" data-element_type=\"widget\" data-e-type=\"widget\" data-widget_type=\"text-editor.default\">\n\t\t\t\t\t\t\t\t\t<p>Kurzy v Academy of Beauty se hrad\u00ed p\u0159i zah\u00e1jen\u00ed kurzu a to v cel\u00e9 v\u00fd\u0161i dle aktu\u00e1ln\u00ed ceny kurzu.<\/p>\t\t\t\t\t\t\t\t<\/div>\n\t\t\t\t<div class=\"elementor-element elementor-element-e7d4891 elementor-widget-divider--view-line elementor-widget elementor-widget-divider\" data-id=\"e7d4891\" data-element_type=\"widget\" data-e-type=\"widget\" data-widget_type=\"divider.default\">\n\t\t\t\t\t\t\t<div class=\"elementor-divider\">\n\t\t\t<span class=\"elementor-divider-separator\">\n\t\t\t\t\t\t<\/span>\n\t\t<\/div>\n\t\t\t\t\t\t<\/div>\n\t\t\t\t<div class=\"elementor-element elementor-element-6dd96684 elementor-widget elementor-widget-text-editor\" data-id=\"6dd96684\" data-element_type=\"widget\" data-e-type=\"widget\" data-widget_type=\"text-editor.default\">\n\t\t\t\t\t\t\t\t\t<p><b>P\u0159i objedn\u00e1n\u00ed do kurzu je vy\u017eadov\u00e1na z\u00e1loha<\/b>. Tato z\u00e1loha je v p\u0159\u00edpad\u011b nenastoupen\u00ed do kurzu nevratn\u00e1.\u00a0<\/p>\t\t\t\t\t\t\t\t<\/div>\n\t\t\t\t<\/div>\n\t\t\t\t<\/div>\n\t\t<div class=\"elementor-element elementor-element-7dadcc91 e-con-full e-flex e-con e-child\" data-id=\"7dadcc91\" data-element_type=\"container\" data-e-type=\"container\" data-settings=\"{&quot;background_background&quot;:&quot;classic&quot;}\">\n\t\t<div class=\"elementor-element elementor-element-3ec7dfc3 e-con-full e-flex e-con e-child\" data-id=\"3ec7dfc3\" data-element_type=\"container\" data-e-type=\"container\" data-settings=\"{&quot;background_background&quot;:&quot;classic&quot;}\">\n\t\t\t\t<div class=\"elementor-element elementor-element-2063f166 elementor-button-align-center elementor-widget elementor-widget-form\" data-id=\"2063f166\" data-element_type=\"widget\" data-e-type=\"widget\" data-settings=\"{&quot;step_next_label&quot;:&quot;Next&quot;,&quot;step_previous_label&quot;:&quot;Previous&quot;,&quot;button_width&quot;:&quot;100&quot;,&quot;step_type&quot;:&quot;number_text&quot;,&quot;step_icon_shape&quot;:&quot;circle&quot;}\" data-widget_type=\"form.default\">\n\t\t\t\t\t\t\t<form class=\"elementor-form\" method=\"post\" name=\"Brow Bar &amp; Laminace obo\u010d\u00ed\" aria-label=\"Brow Bar &amp; Laminace obo\u010d\u00ed\">\n\t\t\t<input type=\"hidden\" name=\"post_id\" value=\"376\"\/>\n\t\t\t<input type=\"hidden\" name=\"form_id\" value=\"2063f166\"\/>\n\t\t\t<input type=\"hidden\" name=\"referer_title\" value=\"AcademyofBeauty\" \/>\n\n\t\t\t\n\t\t\t<div class=\"elementor-form-fields-wrapper elementor-labels-above\">\n\t\t\t\t\t\t\t\t<div class=\"elementor-field-type-text elementor-field-group elementor-column elementor-field-group-name elementor-col-50\">\n\t\t\t\t\t\t\t\t\t\t\t\t\t<input size=\"1\" type=\"text\" name=\"form_fields[name]\" id=\"form-field-name\" class=\"elementor-field elementor-size-sm  elementor-field-textual\" placeholder=\"Jm\u00e9no\">\n\t\t\t\t\t\t\t\t\t\t\t<\/div>\n\t\t\t\t\t\t\t\t<div class=\"elementor-field-type-text elementor-field-group elementor-column elementor-field-group-field_7e9bfc1 elementor-col-50\">\n\t\t\t\t\t\t\t\t\t\t\t\t\t<input size=\"1\" type=\"text\" name=\"form_fields[field_7e9bfc1]\" id=\"form-field-field_7e9bfc1\" class=\"elementor-field elementor-size-sm  elementor-field-textual\" placeholder=\"P\u0159\u00edjmen\u00ed\">\n\t\t\t\t\t\t\t\t\t\t\t<\/div>\n\t\t\t\t\t\t\t\t<div class=\"elementor-field-type-email elementor-field-group elementor-column elementor-field-group-email elementor-col-50 elementor-field-required\">\n\t\t\t\t\t\t\t\t\t\t\t\t\t<input size=\"1\" type=\"email\" name=\"form_fields[email]\" id=\"form-field-email\" class=\"elementor-field elementor-size-sm  elementor-field-textual\" placeholder=\"E-mail\" required=\"required\">\n\t\t\t\t\t\t\t\t\t\t\t<\/div>\n\t\t\t\t\t\t\t\t<div class=\"elementor-field-type-tel elementor-field-group elementor-column elementor-field-group-field_482155b elementor-col-50 elementor-field-required\">\n\t\t\t\t\t\t\t<input size=\"1\" type=\"tel\" name=\"form_fields[field_482155b]\" id=\"form-field-field_482155b\" class=\"elementor-field elementor-size-sm  elementor-field-textual\" placeholder=\"Telefonn\u00ed \u010d\u00edslo\" required=\"required\" pattern=\"[0-9()#&amp;+*-=.]+\" title=\"Only numbers and phone characters (#, -, *, etc) are accepted.\">\n\n\t\t\t\t\t\t<\/div>\n\t\t\t\t\t\t\t\t<div class=\"elementor-field-type-text elementor-field-group elementor-column elementor-field-group-field_bc15544 elementor-col-100 elementor-field-required\">\n\t\t\t\t\t\t\t\t\t\t\t\t\t<input size=\"1\" type=\"text\" name=\"form_fields[field_bc15544]\" id=\"form-field-field_bc15544\" class=\"elementor-field elementor-size-sm  elementor-field-textual\" placeholder=\"O jak\u00fd kurz m\u00e1te z\u00e1jem?\" required=\"required\">\n\t\t\t\t\t\t\t\t\t\t\t<\/div>\n\t\t\t\t\t\t\t\t<div class=\"elementor-field-type-textarea elementor-field-group elementor-column elementor-field-group-message elementor-col-100\">\n\t\t\t\t\t<textarea class=\"elementor-field-textual elementor-field  elementor-size-sm\" name=\"form_fields[message]\" id=\"form-field-message\" rows=\"4\" placeholder=\"Va\u0161e zpr\u00e1va\"><\/textarea>\t\t\t\t<\/div>\n\t\t\t\t\t\t\t\t<div class=\"elementor-field-group elementor-column elementor-field-type-submit elementor-col-100 e-form__buttons\">\n\t\t\t\t\t<button class=\"elementor-button elementor-size-sm\" type=\"submit\">\n\t\t\t\t\t\t<span class=\"elementor-button-content-wrapper\">\n\t\t\t\t\t\t\t\t\t\t\t\t\t\t\t\t\t\t\t\t\t\t<span class=\"elementor-button-text\">Odeslat<\/span>\n\t\t\t\t\t\t\t\t\t\t\t\t\t<\/span>\n\t\t\t\t\t<\/button>\n\t\t\t\t<\/div>\n\t\t\t<\/div>\n\t\t<\/form>\n\t\t\t\t\t\t<\/div>\n\t\t\t\t<\/div>\n\t\t\t\t<\/div>\n\t\t\t\t\t<\/div>\n\t\t\t\t<\/div>\n\t\t<div class=\"elementor-element elementor-element-a034024 e-con-full e-flex e-con e-parent\" data-id=\"a034024\" data-element_type=\"container\" data-e-type=\"container\">\n\t\t\t\t<div class=\"elementor-element elementor-element-8b6eb3f elementor-widget elementor-widget-google_maps\" data-id=\"8b6eb3f\" data-element_type=\"widget\" data-e-type=\"widget\" data-widget_type=\"google_maps.default\">\n\t\t\t\t\t\t\t<div class=\"elementor-custom-embed\">\n\t\t\t<iframe loading=\"lazy\"\n\t\t\t\t\tsrc=\"https:\/\/maps.google.com\/maps?q=Po%C5%A1tovsk%C3%A1%20450%2F6%2C%20602%2000%20Brno-m%C4%9Bsto%2C%20%C4%8Cesko&#038;t=m&#038;z=16&#038;output=embed&#038;iwloc=near\"\n\t\t\t\t\ttitle=\"Po\u0161tovsk\u00e1 450\/6, 602 00 Brno-m\u011bsto, \u010cesko\"\n\t\t\t\t\taria-label=\"Po\u0161tovsk\u00e1 450\/6, 602 00 Brno-m\u011bsto, \u010cesko\"\n\t\t\t><\/iframe>\n\t\t<\/div>\n\t\t\t\t\t\t<\/div>\n\t\t\t\t<\/div>\n\t\t\t\t<\/div>\n\t\t","protected":false},"excerpt":{"rendered":"<p>Kontaktn\u00ed \u00fadaje Kurzy kosmetiky, kurzy tetov\u00e1n\u00ed +420 774 652 333 (Po-p\u00e1 08-12 h) Email: info@academyofbeauty.cz Permanentn\u00ed make-up, kosmetika +420 607 757 074 (Po-p\u00e1 08-12 h) Email: kucerova.hana11@seznam.cz I\u010c: 60556129 Kde n\u00e1s najdete: Academy of Beauty \u2013 akademie kr\u00e1syPo\u0161tovsk\u00e1 6, 602 00 Brno-st\u0159ed,Alfa pas\u00e1\u017e \u2013 mezipatro,\u00a0sektor Esekto *5 minut z hlavn\u00edho n\u00e1dra\u017e\u00ed**Parkov\u00e1n\u00ed Galerie Va\u0148kovka, parkovac\u00ed d\u016fm [&hellip;]<\/p>\n","protected":false},"author":1,"featured_media":0,"parent":0,"menu_order":0,"comment_status":"closed","ping_status":"closed","template":"","meta":{"footnotes":""},"class_list":["post-376","page","type-page","status-publish","hentry"],"yoast_head":"<!-- This site is optimized with the Yoast SEO plugin v27.6 - https:\/\/yoast.com\/product\/yoast-seo-wordpress\/ -->\n<title>Kontakt - AcademyofBeauty<\/title>\n<meta name=\"robots\" content=\"index, follow, max-snippet:-1, max-image-preview:large, max-video-preview:-1\" \/>\n<link rel=\"canonical\" href=\"https:\/\/academyofbeauty.cz\/?page_id=376\" \/>\n<meta property=\"og:locale\" content=\"cs_CZ\" \/>\n<meta property=\"og:type\" content=\"article\" \/>\n<meta property=\"og:title\" content=\"Kontakt - AcademyofBeauty\" \/>\n<meta property=\"og:description\" content=\"Kontaktn\u00ed \u00fadaje Kurzy kosmetiky, kurzy tetov\u00e1n\u00ed +420 774 652 333 (Po-p\u00e1 08-12 h) Email: info@academyofbeauty.cz Permanentn\u00ed make-up, kosmetika +420 607 757 074 (Po-p\u00e1 08-12 h) Email: kucerova.hana11@seznam.cz I\u010c: 60556129 Kde n\u00e1s najdete: Academy of Beauty \u2013 akademie kr\u00e1syPo\u0161tovsk\u00e1 6, 602 00 Brno-st\u0159ed,Alfa pas\u00e1\u017e \u2013 mezipatro,\u00a0sektor Esekto *5 minut z hlavn\u00edho n\u00e1dra\u017e\u00ed**Parkov\u00e1n\u00ed Galerie Va\u0148kovka, parkovac\u00ed d\u016fm [&hellip;]\" \/>\n<meta property=\"og:url\" content=\"https:\/\/academyofbeauty.cz\/?page_id=376\" \/>\n<meta property=\"og:site_name\" content=\"AcademyofBeauty\" \/>\n<meta property=\"article:publisher\" content=\"https:\/\/www.facebook.com\/academyofbeautycz\" \/>\n<meta property=\"article:modified_time\" content=\"2026-04-30T09:11:50+00:00\" \/>\n<meta name=\"twitter:card\" content=\"summary_large_image\" \/>\n<meta name=\"twitter:label1\" content=\"Odhadovan\u00e1 doba \u010dten\u00ed\" \/>\n\t<meta name=\"twitter:data1\" content=\"1 minuta\" \/>\n<script type=\"application\/ld+json\" class=\"yoast-schema-graph\">{\"@context\":\"https:\\\/\\\/schema.org\",\"@graph\":[{\"@type\":\"WebPage\",\"@id\":\"https:\\\/\\\/academyofbeauty.cz\\\/?page_id=376\",\"url\":\"https:\\\/\\\/academyofbeauty.cz\\\/?page_id=376\",\"name\":\"Kontakt - AcademyofBeauty\",\"isPartOf\":{\"@id\":\"http:\\\/\\\/academyofbeauty.cz\\\/#website\"},\"datePublished\":\"2026-04-15T17:37:35+00:00\",\"dateModified\":\"2026-04-30T09:11:50+00:00\",\"breadcrumb\":{\"@id\":\"https:\\\/\\\/academyofbeauty.cz\\\/?page_id=376#breadcrumb\"},\"inLanguage\":\"cs\",\"potentialAction\":[{\"@type\":\"ReadAction\",\"target\":[\"https:\\\/\\\/academyofbeauty.cz\\\/?page_id=376\"]}]},{\"@type\":\"BreadcrumbList\",\"@id\":\"https:\\\/\\\/academyofbeauty.cz\\\/?page_id=376#breadcrumb\",\"itemListElement\":[{\"@type\":\"ListItem\",\"position\":1,\"name\":\"Dom\u016f\",\"item\":\"http:\\\/\\\/academyofbeauty.cz\\\/\"},{\"@type\":\"ListItem\",\"position\":2,\"name\":\"Kontakt\"}]},{\"@type\":\"WebSite\",\"@id\":\"http:\\\/\\\/academyofbeauty.cz\\\/#website\",\"url\":\"http:\\\/\\\/academyofbeauty.cz\\\/\",\"name\":\"AcademyofBeauty\",\"description\":\"\",\"publisher\":{\"@id\":\"http:\\\/\\\/academyofbeauty.cz\\\/#organization\"},\"potentialAction\":[{\"@type\":\"SearchAction\",\"target\":{\"@type\":\"EntryPoint\",\"urlTemplate\":\"http:\\\/\\\/academyofbeauty.cz\\\/?s={search_term_string}\"},\"query-input\":{\"@type\":\"PropertyValueSpecification\",\"valueRequired\":true,\"valueName\":\"search_term_string\"}}],\"inLanguage\":\"cs\"},{\"@type\":\"Organization\",\"@id\":\"http:\\\/\\\/academyofbeauty.cz\\\/#organization\",\"name\":\"AcademyofBeauty\",\"url\":\"http:\\\/\\\/academyofbeauty.cz\\\/\",\"logo\":{\"@type\":\"ImageObject\",\"inLanguage\":\"cs\",\"@id\":\"http:\\\/\\\/academyofbeauty.cz\\\/#\\\/schema\\\/logo\\\/image\\\/\",\"url\":\"https:\\\/\\\/academyofbeauty.cz\\\/wp-content\\\/uploads\\\/2026\\\/04\\\/Pridat-nadpis-1.png\",\"contentUrl\":\"https:\\\/\\\/academyofbeauty.cz\\\/wp-content\\\/uploads\\\/2026\\\/04\\\/Pridat-nadpis-1.png\",\"width\":487,\"height\":164,\"caption\":\"AcademyofBeauty\"},\"image\":{\"@id\":\"http:\\\/\\\/academyofbeauty.cz\\\/#\\\/schema\\\/logo\\\/image\\\/\"},\"sameAs\":[\"https:\\\/\\\/www.facebook.com\\\/academyofbeautycz\"]}]}<\/script>\n<!-- \/ Yoast SEO plugin. -->","yoast_head_json":{"title":"Kontakt - AcademyofBeauty","robots":{"index":"index","follow":"follow","max-snippet":"max-snippet:-1","max-image-preview":"max-image-preview:large","max-video-preview":"max-video-preview:-1"},"canonical":"https:\/\/academyofbeauty.cz\/?page_id=376","og_locale":"cs_CZ","og_type":"article","og_title":"Kontakt - AcademyofBeauty","og_description":"Kontaktn\u00ed \u00fadaje Kurzy kosmetiky, kurzy tetov\u00e1n\u00ed +420 774 652 333 (Po-p\u00e1 08-12 h) Email: info@academyofbeauty.cz Permanentn\u00ed make-up, kosmetika +420 607 757 074 (Po-p\u00e1 08-12 h) Email: kucerova.hana11@seznam.cz I\u010c: 60556129 Kde n\u00e1s najdete: Academy of Beauty \u2013 akademie kr\u00e1syPo\u0161tovsk\u00e1 6, 602 00 Brno-st\u0159ed,Alfa pas\u00e1\u017e \u2013 mezipatro,\u00a0sektor Esekto *5 minut z hlavn\u00edho n\u00e1dra\u017e\u00ed**Parkov\u00e1n\u00ed Galerie Va\u0148kovka, parkovac\u00ed d\u016fm [&hellip;]","og_url":"https:\/\/academyofbeauty.cz\/?page_id=376","og_site_name":"AcademyofBeauty","article_publisher":"https:\/\/www.facebook.com\/academyofbeautycz","article_modified_time":"2026-04-30T09:11:50+00:00","twitter_card":"summary_large_image","twitter_misc":{"Odhadovan\u00e1 doba \u010dten\u00ed":"1 minuta"},"schema":{"@context":"https:\/\/schema.org","@graph":[{"@type":"WebPage","@id":"https:\/\/academyofbeauty.cz\/?page_id=376","url":"https:\/\/academyofbeauty.cz\/?page_id=376","name":"Kontakt - AcademyofBeauty","isPartOf":{"@id":"http:\/\/academyofbeauty.cz\/#website"},"datePublished":"2026-04-15T17:37:35+00:00","dateModified":"2026-04-30T09:11:50+00:00","breadcrumb":{"@id":"https:\/\/academyofbeauty.cz\/?page_id=376#breadcrumb"},"inLanguage":"cs","potentialAction":[{"@type":"ReadAction","target":["https:\/\/academyofbeauty.cz\/?page_id=376"]}]},{"@type":"BreadcrumbList","@id":"https:\/\/academyofbeauty.cz\/?page_id=376#breadcrumb","itemListElement":[{"@type":"ListItem","position":1,"name":"Dom\u016f","item":"http:\/\/academyofbeauty.cz\/"},{"@type":"ListItem","position":2,"name":"Kontakt"}]},{"@type":"WebSite","@id":"http:\/\/academyofbeauty.cz\/#website","url":"http:\/\/academyofbeauty.cz\/","name":"AcademyofBeauty","description":"","publisher":{"@id":"http:\/\/academyofbeauty.cz\/#organization"},"potentialAction":[{"@type":"SearchAction","target":{"@type":"EntryPoint","urlTemplate":"http:\/\/academyofbeauty.cz\/?s={search_term_string}"},"query-input":{"@type":"PropertyValueSpecification","valueRequired":true,"valueName":"search_term_string"}}],"inLanguage":"cs"},{"@type":"Organization","@id":"http:\/\/academyofbeauty.cz\/#organization","name":"AcademyofBeauty","url":"http:\/\/academyofbeauty.cz\/","logo":{"@type":"ImageObject","inLanguage":"cs","@id":"http:\/\/academyofbeauty.cz\/#\/schema\/logo\/image\/","url":"https:\/\/academyofbeauty.cz\/wp-content\/uploads\/2026\/04\/Pridat-nadpis-1.png","contentUrl":"https:\/\/academyofbeauty.cz\/wp-content\/uploads\/2026\/04\/Pridat-nadpis-1.png","width":487,"height":164,"caption":"AcademyofBeauty"},"image":{"@id":"http:\/\/academyofbeauty.cz\/#\/schema\/logo\/image\/"},"sameAs":["https:\/\/www.facebook.com\/academyofbeautycz"]}]}},"_links":{"self":[{"href":"https:\/\/academyofbeauty.cz\/index.php?rest_route=\/wp\/v2\/pages\/376","targetHints":{"allow":["GET"]}}],"collection":[{"href":"https:\/\/academyofbeauty.cz\/index.php?rest_route=\/wp\/v2\/pages"}],"about":[{"href":"https:\/\/academyofbeauty.cz\/index.php?rest_route=\/wp\/v2\/types\/page"}],"author":[{"embeddable":true,"href":"https:\/\/academyofbeauty.cz\/index.php?rest_route=\/wp\/v2\/users\/1"}],"replies":[{"embeddable":true,"href":"https:\/\/academyofbeauty.cz\/index.php?rest_route=%2Fwp%2Fv2%2Fcomments&post=376"}],"version-history":[{"count":13,"href":"https:\/\/academyofbeauty.cz\/index.php?rest_route=\/wp\/v2\/pages\/376\/revisions"}],"predecessor-version":[{"id":673,"href":"https:\/\/academyofbeauty.cz\/index.php?rest_route=\/wp\/v2\/pages\/376\/revisions\/673"}],"wp:attachment":[{"href":"https:\/\/academyofbeauty.cz\/index.php?rest_route=%2Fwp%2Fv2%2Fmedia&parent=376"}],"curies":[{"name":"wp","href":"https:\/\/api.w.org\/{rel}","templated":true}]}}